{"id":31393,"date":"2025-06-27T14:13:31","date_gmt":"2025-06-27T13:13:31","guid":{"rendered":"https:\/\/ghr.seasidemenu.com\/spa\/kids-wellness\/"},"modified":"2025-06-30T15:33:27","modified_gmt":"2025-06-30T14:33:27","slug":"kids-wellness","status":"publish","type":"page","link":"https:\/\/ghr.seasidemenu.com\/es\/spa\/kids-wellness\/","title":{"rendered":"Kids Wellness"},"content":{"rendered":"\t\t<div data-elementor-type=\"wp-page\" data-elementor-id=\"31393\" class=\"elementor elementor-31393 elementor-31098\" data-elementor-post-type=\"page\">\n\t\t\t\t<div data-particle_enable=\"false\" data-particle-mobile-disabled=\"false\" class=\"elementor-element elementor-element-5b7af74 e-flex e-con-boxed e-con e-parent\" data-id=\"5b7af74\" data-element_type=\"container\" data-e-type=\"container\" data-settings=\"{&quot;jet_parallax_layout_list&quot;:[{&quot;jet_parallax_layout_image&quot;:{&quot;url&quot;:&quot;&quot;,&quot;id&quot;:&quot;&quot;,&quot;size&quot;:&quot;&quot;},&quot;_id&quot;:&quot;8cf8e6f&quot;,&quot;jet_parallax_layout_image_tablet&quot;:{&quot;url&quot;:&quot;&quot;,&quot;id&quot;:&quot;&quot;,&quot;size&quot;:&quot;&quot;},&quot;jet_parallax_layout_image_mobile&quot;:{&quot;url&quot;:&quot;&quot;,&quot;id&quot;:&quot;&quot;,&quot;size&quot;:&quot;&quot;},&quot;jet_parallax_layout_speed&quot;:{&quot;unit&quot;:&quot;%&quot;,&quot;size&quot;:50,&quot;sizes&quot;:[]},&quot;jet_parallax_layout_type&quot;:&quot;scroll&quot;,&quot;jet_parallax_layout_direction&quot;:&quot;1&quot;,&quot;jet_parallax_layout_fx_direction&quot;:null,&quot;jet_parallax_layout_z_index&quot;:&quot;&quot;,&quot;jet_parallax_layout_bg_x&quot;:50,&quot;jet_parallax_layout_bg_x_tablet&quot;:&quot;&quot;,&quot;jet_parallax_layout_bg_x_mobile&quot;:&quot;&quot;,&quot;jet_parallax_layout_bg_y&quot;:50,&quot;jet_parallax_layout_bg_y_tablet&quot;:&quot;&quot;,&quot;jet_parallax_layout_bg_y_mobile&quot;:&quot;&quot;,&quot;jet_parallax_layout_bg_size&quot;:&quot;auto&quot;,&quot;jet_parallax_layout_bg_size_tablet&quot;:&quot;&quot;,&quot;jet_parallax_layout_bg_size_mobile&quot;:&quot;&quot;,&quot;jet_parallax_layout_animation_prop&quot;:&quot;transform&quot;,&quot;jet_parallax_layout_on&quot;:[&quot;desktop&quot;,&quot;tablet&quot;]}],&quot;background_background&quot;:&quot;classic&quot;}\">\n\t\t\t\t\t<div class=\"e-con-inner\">\n\t\t\t\t<div class=\"elementor-element elementor-element-9f7386e elementor-fixed elementor-widget__width-inherit elementor-widget elementor-widget-jet-hamburger-panel\" data-id=\"9f7386e\" data-element_type=\"widget\" data-e-type=\"widget\" data-settings=\"{&quot;_position&quot;:&quot;fixed&quot;}\" data-widget_type=\"jet-hamburger-panel.default\">\n\t\t\t\t<div class=\"elementor-widget-container\">\n\t\t\t\t\t\t\t<div id=\"jet-hamburger-panel-instance\" class=\"jet-hamburger-panel jet-hamburger-panel-left-position jet-hamburger-panel-slide-effect\" data-settings=\"{&quot;position&quot;:&quot;left&quot;,&quot;ajaxTemplate&quot;:false,&quot;ajaxTemplateCache&quot;:true,&quot;widget_id&quot;:&quot;9f7386e&quot;,&quot;signature&quot;:&quot;abf68bac42fdd0ce229bf05fc56072e0&quot;}\">\n\t\t\t<div class=\"jet-hamburger-panel__toggle\" role=\"button\" tabindex=\"0\" aria-label=\"SPA MENU\"><div class=\"jet-hamburger-panel__toggle-icon\"><span class=\"jet-hamburger-panel__icon icon-normal jet-blocks-icon\"><i aria-hidden=\"true\" class=\"fas fa-bars\"><\/i><\/span><span class=\"jet-hamburger-panel__icon icon-active jet-blocks-icon\"><i aria-hidden=\"true\" class=\"fas fa-times\"><\/i><\/span><\/div><div class=\"jet-hamburger-panel__toggle-label\"><span>SPA MENU<\/span><\/div><\/div>\t\t\t<div class=\"jet-hamburger-panel__instance\">\n\t\t\t\t<div class=\"jet-hamburger-panel__cover\"><\/div>\n\t\t\t\t<div class=\"jet-hamburger-panel__inner\">\n\t\t\t\t\t<div class=\"jet-hamburger-panel__close-button jet-blocks-icon\"><i aria-hidden=\"true\" class=\"fas fa-times\"><\/i><\/div><div class=\"jet-hamburger-panel__content\" data-template-id=\"31075\">\t\t<div data-elementor-type=\"page\" data-elementor-id=\"31075\" class=\"elementor elementor-31075\" data-elementor-post-type=\"elementor_library\">\n\t\t\t\t<div data-particle_enable=\"false\" data-particle-mobile-disabled=\"false\" class=\"elementor-element elementor-element-5dec75a e-flex e-con-boxed e-con e-parent\" data-id=\"5dec75a\" data-element_type=\"container\" data-e-type=\"container\" data-settings=\"{&quot;jet_parallax_layout_list&quot;:[{&quot;jet_parallax_layout_image&quot;:{&quot;url&quot;:&quot;&quot;,&quot;id&quot;:&quot;&quot;,&quot;size&quot;:&quot;&quot;},&quot;_id&quot;:&quot;88f4653&quot;,&quot;jet_parallax_layout_image_tablet&quot;:{&quot;url&quot;:&quot;&quot;,&quot;id&quot;:&quot;&quot;,&quot;size&quot;:&quot;&quot;},&quot;jet_parallax_layout_image_mobile&quot;:{&quot;url&quot;:&quot;&quot;,&quot;id&quot;:&quot;&quot;,&quot;size&quot;:&quot;&quot;},&quot;jet_parallax_layout_speed&quot;:{&quot;unit&quot;:&quot;%&quot;,&quot;size&quot;:50,&quot;sizes&quot;:[]},&quot;jet_parallax_layout_type&quot;:&quot;scroll&quot;,&quot;jet_parallax_layout_direction&quot;:&quot;1&quot;,&quot;jet_parallax_layout_fx_direction&quot;:null,&quot;jet_parallax_layout_z_index&quot;:&quot;&quot;,&quot;jet_parallax_layout_bg_x&quot;:50,&quot;jet_parallax_layout_bg_x_tablet&quot;:&quot;&quot;,&quot;jet_parallax_layout_bg_x_mobile&quot;:&quot;&quot;,&quot;jet_parallax_layout_bg_y&quot;:50,&quot;jet_parallax_layout_bg_y_tablet&quot;:&quot;&quot;,&quot;jet_parallax_layout_bg_y_mobile&quot;:&quot;&quot;,&quot;jet_parallax_layout_bg_size&quot;:&quot;auto&quot;,&quot;jet_parallax_layout_bg_size_tablet&quot;:&quot;&quot;,&quot;jet_parallax_layout_bg_size_mobile&quot;:&quot;&quot;,&quot;jet_parallax_layout_animation_prop&quot;:&quot;transform&quot;,&quot;jet_parallax_layout_on&quot;:[&quot;desktop&quot;,&quot;tablet&quot;]}]}\">\n\t\t\t\t\t<div class=\"e-con-inner\">\n\t\t\t\t<div class=\"elementor-element elementor-element-368ae73 elementor-widget elementor-widget-heading\" data-id=\"368ae73\" data-element_type=\"widget\" data-e-type=\"widget\" data-widget_type=\"heading.default\">\n\t\t\t\t<div class=\"elementor-widget-container\">\n\t\t\t\t\t<h2 class=\"elementor-heading-title elementor-size-default\">Spa &amp;<br>\nWellness<br>\nMenu<\/h2>\t\t\t\t<\/div>\n\t\t\t\t<\/div>\n\t\t\t\t<div class=\"elementor-element elementor-element-be848c5 elementor-nav-menu--dropdown-none elementor-widget__width-initial elementor-widget elementor-widget-nav-menu\" data-id=\"be848c5\" data-element_type=\"widget\" data-e-type=\"widget\" data-settings=\"{&quot;layout&quot;:&quot;vertical&quot;,&quot;submenu_icon&quot;:{&quot;value&quot;:&quot;&lt;i class=\\&quot;fas fa-caret-down\\&quot; aria-hidden=\\&quot;true\\&quot;&gt;&lt;\\\/i&gt;&quot;,&quot;library&quot;:&quot;fa-solid&quot;}}\" data-widget_type=\"nav-menu.default\">\n\t\t\t\t<div class=\"elementor-widget-container\">\n\t\t\t\t\t\t\t\t<nav aria-label=\"Menu\" class=\"elementor-nav-menu--main elementor-nav-menu__container elementor-nav-menu--layout-vertical e--pointer-underline e--animation-fade\">\n\t\t\t\t<ul id=\"menu-1-be848c5\" class=\"elementor-nav-menu sm-vertical\"><li class=\"menu-item menu-item-type-post_type menu-item-object-page menu-item-31419\"><a href=\"https:\/\/ghr.seasidemenu.com\/es\/spa\/\" class=\"elementor-item\">Spa<\/a><\/li>\n<li class=\"menu-item menu-item-type-post_type menu-item-object-page menu-item-31420\"><a href=\"https:\/\/ghr.seasidemenu.com\/es\/spa\/sauna-area\/\" class=\"elementor-item\">Zona de Sauna<\/a><\/li>\n<li class=\"menu-item menu-item-type-post_type menu-item-object-page menu-item-31421\"><a href=\"https:\/\/ghr.seasidemenu.com\/es\/spa\/wellness-combinations\/\" class=\"elementor-item\">Combinaciones Wellness<\/a><\/li>\n<li class=\"menu-item menu-item-type-post_type menu-item-object-page menu-item-31422\"><a href=\"https:\/\/ghr.seasidemenu.com\/es\/spa\/beauty-collection\/\" class=\"elementor-item\">Colecci\u00f3n Belleza<\/a><\/li>\n<li class=\"menu-item menu-item-type-post_type menu-item-object-page menu-item-31423\"><a href=\"https:\/\/ghr.seasidemenu.com\/es\/spa\/body-collection\/\" class=\"elementor-item\">Colecci\u00f3n Corporal<\/a><\/li>\n<li class=\"menu-item menu-item-type-post_type menu-item-object-page menu-item-31424\"><a href=\"https:\/\/ghr.seasidemenu.com\/es\/spa\/massages\/\" class=\"elementor-item\">Masajes<\/a><\/li>\n<li class=\"menu-item menu-item-type-post_type menu-item-object-page menu-item-31425\"><a href=\"https:\/\/ghr.seasidemenu.com\/es\/spa\/personal-training-and-physiotherapy\/\" class=\"elementor-item\">Entrenamiento y Fisioterapia<\/a><\/li>\n<li class=\"menu-item menu-item-type-post_type menu-item-object-page menu-item-31426\"><a href=\"https:\/\/ghr.seasidemenu.com\/es\/spa\/kids-wellness\/\" class=\"elementor-item\">Kids Wellness<\/a><\/li>\n<\/ul>\t\t\t<\/nav>\n\t\t\t\t\t\t<nav class=\"elementor-nav-menu--dropdown elementor-nav-menu__container\" aria-hidden=\"true\">\n\t\t\t\t<ul id=\"menu-2-be848c5\" class=\"elementor-nav-menu sm-vertical\"><li class=\"menu-item menu-item-type-post_type menu-item-object-page menu-item-31419\"><a href=\"https:\/\/ghr.seasidemenu.com\/es\/spa\/\" class=\"elementor-item\" tabindex=\"-1\">Spa<\/a><\/li>\n<li class=\"menu-item menu-item-type-post_type menu-item-object-page menu-item-31420\"><a href=\"https:\/\/ghr.seasidemenu.com\/es\/spa\/sauna-area\/\" class=\"elementor-item\" tabindex=\"-1\">Zona de Sauna<\/a><\/li>\n<li class=\"menu-item menu-item-type-post_type menu-item-object-page menu-item-31421\"><a href=\"https:\/\/ghr.seasidemenu.com\/es\/spa\/wellness-combinations\/\" class=\"elementor-item\" tabindex=\"-1\">Combinaciones Wellness<\/a><\/li>\n<li class=\"menu-item menu-item-type-post_type menu-item-object-page menu-item-31422\"><a href=\"https:\/\/ghr.seasidemenu.com\/es\/spa\/beauty-collection\/\" class=\"elementor-item\" tabindex=\"-1\">Colecci\u00f3n Belleza<\/a><\/li>\n<li class=\"menu-item menu-item-type-post_type menu-item-object-page menu-item-31423\"><a href=\"https:\/\/ghr.seasidemenu.com\/es\/spa\/body-collection\/\" class=\"elementor-item\" tabindex=\"-1\">Colecci\u00f3n Corporal<\/a><\/li>\n<li class=\"menu-item menu-item-type-post_type menu-item-object-page menu-item-31424\"><a href=\"https:\/\/ghr.seasidemenu.com\/es\/spa\/massages\/\" class=\"elementor-item\" tabindex=\"-1\">Masajes<\/a><\/li>\n<li class=\"menu-item menu-item-type-post_type menu-item-object-page menu-item-31425\"><a href=\"https:\/\/ghr.seasidemenu.com\/es\/spa\/personal-training-and-physiotherapy\/\" class=\"elementor-item\" tabindex=\"-1\">Entrenamiento y Fisioterapia<\/a><\/li>\n<li class=\"menu-item menu-item-type-post_type menu-item-object-page menu-item-31426\"><a href=\"https:\/\/ghr.seasidemenu.com\/es\/spa\/kids-wellness\/\" class=\"elementor-item\" tabindex=\"-1\">Kids Wellness<\/a><\/li>\n<\/ul>\t\t\t<\/nav>\n\t\t\t\t\t\t<\/div>\n\t\t\t\t<\/div>\n\t\t\t\t<div class=\"elementor-element elementor-element-d008ca2 elementor-mobile-align-left elementor-widget elementor-widget-button\" data-id=\"d008ca2\" data-element_type=\"widget\" data-e-type=\"widget\" data-widget_type=\"button.default\">\n\t\t\t\t<div class=\"elementor-widget-container\">\n\t\t\t\t\t\t\t\t\t<div class=\"elementor-button-wrapper\">\n\t\t\t\t\t<a class=\"elementor-button elementor-button-link elementor-size-sm\" href=\"https:\/\/ghr.seasidemenu.com\/es\/\">\n\t\t\t\t\t\t<span class=\"elementor-button-content-wrapper\">\n\t\t\t\t\t\t\t\t\t<span class=\"elementor-button-text\">Volver<\/span>\n\t\t\t\t\t<\/span>\n\t\t\t\t\t<\/a>\n\t\t\t\t<\/div>\n\t\t\t\t\t\t\t\t<\/div>\n\t\t\t\t<\/div>\n\t\t\t\t\t<\/div>\n\t\t\t\t<\/div>\n\t\t\t\t<\/div>\n\t\t<\/div>\t\t\t\t<\/div>\n\t\t\t<\/div>\n\t\t<\/div>\n\t\t\t\t\t\t<\/div>\n\t\t\t\t<\/div>\n\t\t\t\t\t<\/div>\n\t\t\t\t<\/div>\n\t\t<div data-particle_enable=\"false\" data-particle-mobile-disabled=\"false\" class=\"elementor-element elementor-element-ad16e89 e-flex e-con-boxed e-con e-parent\" data-id=\"ad16e89\" data-element_type=\"container\" data-e-type=\"container\" data-settings=\"{&quot;jet_parallax_layout_list&quot;:[{&quot;jet_parallax_layout_image&quot;:{&quot;url&quot;:&quot;&quot;,&quot;id&quot;:&quot;&quot;,&quot;size&quot;:&quot;&quot;},&quot;_id&quot;:&quot;2f3c593&quot;,&quot;jet_parallax_layout_image_tablet&quot;:{&quot;url&quot;:&quot;&quot;,&quot;id&quot;:&quot;&quot;,&quot;size&quot;:&quot;&quot;},&quot;jet_parallax_layout_image_mobile&quot;:{&quot;url&quot;:&quot;&quot;,&quot;id&quot;:&quot;&quot;,&quot;size&quot;:&quot;&quot;},&quot;jet_parallax_layout_speed&quot;:{&quot;unit&quot;:&quot;%&quot;,&quot;size&quot;:50,&quot;sizes&quot;:[]},&quot;jet_parallax_layout_type&quot;:&quot;scroll&quot;,&quot;jet_parallax_layout_direction&quot;:&quot;1&quot;,&quot;jet_parallax_layout_fx_direction&quot;:null,&quot;jet_parallax_layout_z_index&quot;:&quot;&quot;,&quot;jet_parallax_layout_bg_x&quot;:50,&quot;jet_parallax_layout_bg_x_tablet&quot;:&quot;&quot;,&quot;jet_parallax_layout_bg_x_mobile&quot;:&quot;&quot;,&quot;jet_parallax_layout_bg_y&quot;:50,&quot;jet_parallax_layout_bg_y_tablet&quot;:&quot;&quot;,&quot;jet_parallax_layout_bg_y_mobile&quot;:&quot;&quot;,&quot;jet_parallax_layout_bg_size&quot;:&quot;auto&quot;,&quot;jet_parallax_layout_bg_size_tablet&quot;:&quot;&quot;,&quot;jet_parallax_layout_bg_size_mobile&quot;:&quot;&quot;,&quot;jet_parallax_layout_animation_prop&quot;:&quot;transform&quot;,&quot;jet_parallax_layout_on&quot;:[&quot;desktop&quot;,&quot;tablet&quot;]}]}\">\n\t\t\t\t\t<div class=\"e-con-inner\">\n\t\t\t\t<div class=\"elementor-element elementor-element-d9c74b1 elementor-widget elementor-widget-image\" data-id=\"d9c74b1\" data-element_type=\"widget\" data-e-type=\"widget\" data-widget_type=\"image.default\">\n\t\t\t\t<div class=\"elementor-widget-container\">\n\t\t\t\t\t\t\t\t\t\t\t\t\t\t\t<img fetchpriority=\"high\" decoding=\"async\" width=\"600\" height=\"600\" src=\"https:\/\/ghr.seasidemenu.com\/wp-content\/uploads\/seaside_spa_kids.jpg\" class=\"attachment-full size-full wp-image-31194\" alt=\"\" srcset=\"https:\/\/ghr.seasidemenu.com\/wp-content\/uploads\/seaside_spa_kids.jpg 600w, https:\/\/ghr.seasidemenu.com\/wp-content\/uploads\/seaside_spa_kids-300x300.jpg 300w, https:\/\/ghr.seasidemenu.com\/wp-content\/uploads\/seaside_spa_kids-150x150.jpg 150w\" sizes=\"(max-width: 600px) 100vw, 600px\" \/>\t\t\t\t\t\t\t\t\t\t\t\t\t\t\t<\/div>\n\t\t\t\t<\/div>\n\t\t<div data-particle_enable=\"false\" data-particle-mobile-disabled=\"false\" class=\"elementor-element elementor-element-5c5a0a0 e-con-full e-flex e-con e-child\" data-id=\"5c5a0a0\" data-element_type=\"container\" data-e-type=\"container\" data-settings=\"{&quot;background_background&quot;:&quot;classic&quot;,&quot;jet_parallax_layout_list&quot;:[]}\">\n\t\t\t\t<div class=\"elementor-element elementor-element-f9046f6 elementor-widget elementor-widget-heading\" data-id=\"f9046f6\" data-element_type=\"widget\" data-e-type=\"widget\" data-widget_type=\"heading.default\">\n\t\t\t\t<div class=\"elementor-widget-container\">\n\t\t\t\t\t<h2 class=\"elementor-heading-title elementor-size-default\">Kids-wellness<\/h2>\t\t\t\t<\/div>\n\t\t\t\t<\/div>\n\t\t\t\t<div class=\"elementor-element elementor-element-983d8dc elementor-widget elementor-widget-text-editor\" data-id=\"983d8dc\" data-element_type=\"widget\" data-e-type=\"widget\" data-widget_type=\"text-editor.default\">\n\t\t\t\t<div class=\"elementor-widget-container\">\n\t\t\t\t\t\t\t\t\t<p>(4-11 a\u00f1os) Los ni\u00f1os deber\u00e1n estar acompa\u00f1ados de un adulto durante el tratamiento.<\/p>\t\t\t\t\t\t\t\t<\/div>\n\t\t\t\t<\/div>\n\t\t\t\t<div class=\"elementor-element elementor-element-5925571 elementor-widget elementor-widget-eael-price-menu\" data-id=\"5925571\" data-element_type=\"widget\" data-e-type=\"widget\" data-widget_type=\"eael-price-menu.default\">\n\t\t\t\t<div class=\"elementor-widget-container\">\n\t\t\t\t\t        <div class=\"eael-restaurant-menu eael-restaurant-menu-style-2\">\n            <div class=\"eael-restaurant-menu-items\">\n                                                        <div class=\"eael-restaurant-menu-item-wrap\">\n                                                <div class=\"eael-restaurant-menu-item\">\n                            \n                            <div class=\"eael-restaurant-menu-content\">\n                                <div class=\"eael-restaurant-menu-header\">\n                                                                            <h4 class=\"eael-restaurant-menu-title\">\n                                                                                        <span class=\"eael-restaurant-menu-title-text\">\n                                                TRATAMIENTO DE BELLEZA PARA PEQUE\u00d1AS \u201cPRINCESAS\u201d                                            <\/span>\n                                                                                    <\/h4>\n                                                                        \n                                                                        \n                                                                     <\/div>\n                                 \n                                 \n                                 <div class=\"eael-restaurant-menu-description\">Limado de u\u00f1as de manos y pies, masaje de manos y pies con crema hidratante, esmalte de u\u00f1as (a petici\u00f3n) en colores vivos (amarillo, azul, rosa...).<\/div>\n                                                                      <span class=\"eael-restaurant-menu-price\">\n                                                                                                                                   <span class=\"eael-restaurant-menu-price-discount\">\n                                                 25 min. | 39\u20ac                                             <\/span>\n                                         \n                                                                              <\/span>\n                                                             <\/div>\n                        <\/div>\n                                            <\/div>\n                                                        <div class=\"eael-restaurant-menu-item-wrap\">\n                                                <div class=\"eael-restaurant-menu-item\">\n                            \n                            <div class=\"eael-restaurant-menu-content\">\n                                <div class=\"eael-restaurant-menu-header\">\n                                                                            <h4 class=\"eael-restaurant-menu-title\">\n                                                                                        <span class=\"eael-restaurant-menu-title-text\">\n                                                MASAJE PARA PEQUE\u00d1AS \u201cSUPERESTRELLAS\u201d                                            <\/span>\n                                                                                    <\/h4>\n                                                                        \n                                                                        \n                                                                     <\/div>\n                                 \n                                 \n                                 <div class=\"eael-restaurant-menu-description\">Para relajarse o despu\u00e9s del deporte, alivia las tensiones y prepara el cuerpo para la piscina.<\/div>\n                                                                      <span class=\"eael-restaurant-menu-price\">\n                                                                                                                                   <span class=\"eael-restaurant-menu-price-discount\">\n                                                 25 min. | 49\u20ac                                             <\/span>\n                                         \n                                                                              <\/span>\n                                                             <\/div>\n                        <\/div>\n                                            <\/div>\n                            <\/div>\n        <\/div>\n        \t\t\t\t<\/div>\n\t\t\t\t<\/div>\n\t\t\t\t<\/div>\n\t\t\t\t\t<\/div>\n\t\t\t\t<\/div>\n\t\t\t\t<\/div>\n\t\t","protected":false},"excerpt":{"rendered":"<p>SPA MENU Edit Template Spa &amp; Wellness Menu Welcome Sauna Area Wellness Combinations Beauty Collection Body Collection Massages Personal Training and Physiotherapy Kids Wellness Welcome Sauna Area Wellness Combinations Beauty Collection Body Collection Massages Personal Training and Physiotherapy Kids Wellness Kids-wellness (4-11 a\u00f1os) Los ni\u00f1os deber\u00e1n estar acompa\u00f1ados de un adulto durante el tratamiento. TRATAMIENTO [&hellip;]<\/p>\n","protected":false},"author":2,"featured_media":0,"parent":31245,"menu_order":7,"comment_status":"closed","ping_status":"closed","template":"elementor_canvas","meta":{"footnotes":""},"class_list":["post-31393","page","type-page","status-publish","hentry"],"_links":{"self":[{"href":"https:\/\/ghr.seasidemenu.com\/es\/wp-json\/wp\/v2\/pages\/31393","targetHints":{"allow":["GET"]}}],"collection":[{"href":"https:\/\/ghr.seasidemenu.com\/es\/wp-json\/wp\/v2\/pages"}],"about":[{"href":"https:\/\/ghr.seasidemenu.com\/es\/wp-json\/wp\/v2\/types\/page"}],"author":[{"embeddable":true,"href":"https:\/\/ghr.seasidemenu.com\/es\/wp-json\/wp\/v2\/users\/2"}],"replies":[{"embeddable":true,"href":"https:\/\/ghr.seasidemenu.com\/es\/wp-json\/wp\/v2\/comments?post=31393"}],"version-history":[{"count":0,"href":"https:\/\/ghr.seasidemenu.com\/es\/wp-json\/wp\/v2\/pages\/31393\/revisions"}],"up":[{"embeddable":true,"href":"https:\/\/ghr.seasidemenu.com\/es\/wp-json\/wp\/v2\/pages\/31245"}],"wp:attachment":[{"href":"https:\/\/ghr.seasidemenu.com\/es\/wp-json\/wp\/v2\/media?parent=31393"}],"curies":[{"name":"wp","href":"https:\/\/api.w.org\/{rel}","templated":true}]}}